{"id":27587,"date":"2019-09-03T14:00:42","date_gmt":"2019-09-03T12:00:42","guid":{"rendered":"https:\/\/enervis.de\/leistung\/inhouse-workshop-wirtschaftliche-bewertung-von-batteriespeichern\/"},"modified":"2025-07-15T10:19:12","modified_gmt":"2025-07-15T08:19:12","slug":"inhouse-workshop-economic-evaluation-of-battery-storage-systems","status":"publish","type":"product","link":"https:\/\/enervis.de\/en\/product\/inhouse-workshop-economic-evaluation-of-battery-storage-systems\/","title":{"rendered":"Inhouse workshop: Economic evaluation of battery storage systems"},"content":{"rendered":"","protected":false},"excerpt":{"rendered":"","protected":false},"featured_media":27221,"template":"","meta":{"_acf_changed":false},"product_brand":[],"product_cat":[403,353,409,406,410,369],"product_tag":[],"class_list":{"0":"post-27587","1":"product","2":"type-product","3":"status-publish","4":"has-post-thumbnail","6":"product_cat-battery-storage-evaluation","7":"product_cat-renewables","8":"product_cat-workshops-en-3","9":"product_cat-workshops-powermarket-en","10":"product_cat-workshops-inhouse-en","11":"product_cat-workshops-renewables-en","13":"first","14":"instock","15":"virtual","16":"taxable","17":"purchasable","18":"product-type-simple"},"acf":[],"yoast_head":"<!-- This site is optimized with the Yoast SEO plugin v27.4 - https:\/\/yoast.com\/product\/yoast-seo-wordpress\/ -->\n<title>Inhouse workshop: Economic evaluation of battery storage systems - enervis<\/title>\n<meta name=\"description\" content=\"Batteriespeicher sind ein Schl\u00fcsselelement der Energiewende \u2013 doch ihre Wirtschaftlichkeit steht im Zentrum komplexer energiewirtschaftlicher Fragestellungen.W\u00e4hrend regulatorische Anforderungen, Netzinfrastruktur und volatile Marktdynamiken Investitionsentscheidungen pr\u00e4gen, entstehen parallel neue Gesch\u00e4ftsmodelle und zunehmend attraktive Erl\u00f6sm\u00e4rkte f\u00fcr Batteriespeicher.\" \/>\n<meta name=\"robots\" content=\"index, follow, max-snippet:-1, max-image-preview:large, max-video-preview:-1\" \/>\n<link rel=\"canonical\" href=\"https:\/\/enervis.de\/en\/product\/inhouse-workshop-economic-evaluation-of-battery-storage-systems\/\" \/>\n<meta property=\"og:locale\" content=\"en_US\" \/>\n<meta property=\"og:type\" content=\"article\" \/>\n<meta property=\"og:title\" content=\"Inhouse workshop: Economic evaluation of battery storage systems - enervis\" \/>\n<meta property=\"og:description\" content=\"Batteriespeicher sind ein Schl\u00fcsselelement der Energiewende \u2013 doch ihre Wirtschaftlichkeit steht im Zentrum komplexer energiewirtschaftlicher Fragestellungen.W\u00e4hrend regulatorische Anforderungen, Netzinfrastruktur und volatile Marktdynamiken Investitionsentscheidungen pr\u00e4gen, entstehen parallel neue Gesch\u00e4ftsmodelle und zunehmend attraktive Erl\u00f6sm\u00e4rkte f\u00fcr Batteriespeicher.\" \/>\n<meta property=\"og:url\" content=\"https:\/\/enervis.de\/en\/product\/inhouse-workshop-economic-evaluation-of-battery-storage-systems\/\" \/>\n<meta property=\"og:site_name\" content=\"enervis\" \/>\n<meta property=\"article:modified_time\" content=\"2025-07-15T08:19:12+00:00\" \/>\n<meta property=\"og:image\" content=\"https:\/\/enervis.de\/wp-content\/uploads\/2019\/09\/Bild_Inhouse-Workshop_490x300.png\" \/>\n\t<meta property=\"og:image:width\" content=\"490\" \/>\n\t<meta property=\"og:image:height\" content=\"300\" \/>\n\t<meta property=\"og:image:type\" content=\"image\/png\" \/>\n<meta name=\"twitter:card\" content=\"summary_large_image\" \/>\n<meta name=\"twitter:label1\" content=\"Est. reading time\" \/>\n\t<meta name=\"twitter:data1\" content=\"1 minute\" \/>\n<script type=\"application\/ld+json\" class=\"yoast-schema-graph\">{\"@context\":\"https:\\\/\\\/schema.org\",\"@graph\":[{\"@type\":\"WebPage\",\"@id\":\"https:\\\/\\\/enervis.de\\\/en\\\/product\\\/inhouse-workshop-economic-evaluation-of-battery-storage-systems\\\/\",\"url\":\"https:\\\/\\\/enervis.de\\\/en\\\/product\\\/inhouse-workshop-economic-evaluation-of-battery-storage-systems\\\/\",\"name\":\"Inhouse workshop: Economic evaluation of battery storage systems - enervis\",\"isPartOf\":{\"@id\":\"https:\\\/\\\/enervis.de\\\/en\\\/#website\"},\"primaryImageOfPage\":{\"@id\":\"https:\\\/\\\/enervis.de\\\/en\\\/product\\\/inhouse-workshop-economic-evaluation-of-battery-storage-systems\\\/#primaryimage\"},\"image\":{\"@id\":\"https:\\\/\\\/enervis.de\\\/en\\\/product\\\/inhouse-workshop-economic-evaluation-of-battery-storage-systems\\\/#primaryimage\"},\"thumbnailUrl\":\"https:\\\/\\\/enervis.de\\\/wp-content\\\/uploads\\\/2019\\\/09\\\/Bild_Inhouse-Workshop_490x300.png\",\"datePublished\":\"2019-09-03T12:00:42+00:00\",\"dateModified\":\"2025-07-15T08:19:12+00:00\",\"description\":\"Batteriespeicher sind ein Schl\u00fcsselelement der Energiewende \u2013 doch ihre Wirtschaftlichkeit steht im Zentrum komplexer energiewirtschaftlicher Fragestellungen.W\u00e4hrend regulatorische Anforderungen, Netzinfrastruktur und volatile Marktdynamiken Investitionsentscheidungen pr\u00e4gen, entstehen parallel neue Gesch\u00e4ftsmodelle und zunehmend attraktive Erl\u00f6sm\u00e4rkte f\u00fcr Batteriespeicher.\",\"breadcrumb\":{\"@id\":\"https:\\\/\\\/enervis.de\\\/en\\\/product\\\/inhouse-workshop-economic-evaluation-of-battery-storage-systems\\\/#breadcrumb\"},\"inLanguage\":\"en-US\",\"potentialAction\":[{\"@type\":\"ReadAction\",\"target\":[\"https:\\\/\\\/enervis.de\\\/en\\\/product\\\/inhouse-workshop-economic-evaluation-of-battery-storage-systems\\\/\"]}]},{\"@type\":\"ImageObject\",\"inLanguage\":\"en-US\",\"@id\":\"https:\\\/\\\/enervis.de\\\/en\\\/product\\\/inhouse-workshop-economic-evaluation-of-battery-storage-systems\\\/#primaryimage\",\"url\":\"https:\\\/\\\/enervis.de\\\/wp-content\\\/uploads\\\/2019\\\/09\\\/Bild_Inhouse-Workshop_490x300.png\",\"contentUrl\":\"https:\\\/\\\/enervis.de\\\/wp-content\\\/uploads\\\/2019\\\/09\\\/Bild_Inhouse-Workshop_490x300.png\",\"width\":490,\"height\":300},{\"@type\":\"BreadcrumbList\",\"@id\":\"https:\\\/\\\/enervis.de\\\/en\\\/product\\\/inhouse-workshop-economic-evaluation-of-battery-storage-systems\\\/#breadcrumb\",\"itemListElement\":[{\"@type\":\"ListItem\",\"position\":1,\"name\":\"Startseite\",\"item\":\"https:\\\/\\\/enervis.de\\\/en\\\/\"},{\"@type\":\"ListItem\",\"position\":2,\"name\":\"Shop\",\"item\":\"https:\\\/\\\/enervis.de\\\/shop\\\/\"},{\"@type\":\"ListItem\",\"position\":3,\"name\":\"Inhouse workshop: Economic evaluation of battery storage systems\"}]},{\"@type\":\"WebSite\",\"@id\":\"https:\\\/\\\/enervis.de\\\/en\\\/#website\",\"url\":\"https:\\\/\\\/enervis.de\\\/en\\\/\",\"name\":\"enervis\",\"description\":\"enervis energy advisors GmbH\",\"publisher\":{\"@id\":\"https:\\\/\\\/enervis.de\\\/en\\\/#organization\"},\"potentialAction\":[{\"@type\":\"SearchAction\",\"target\":{\"@type\":\"EntryPoint\",\"urlTemplate\":\"https:\\\/\\\/enervis.de\\\/en\\\/?s={search_term_string}\"},\"query-input\":{\"@type\":\"PropertyValueSpecification\",\"valueRequired\":true,\"valueName\":\"search_term_string\"}}],\"inLanguage\":\"en-US\"},{\"@type\":\"Organization\",\"@id\":\"https:\\\/\\\/enervis.de\\\/en\\\/#organization\",\"name\":\"enervis\",\"url\":\"https:\\\/\\\/enervis.de\\\/en\\\/\",\"logo\":{\"@type\":\"ImageObject\",\"inLanguage\":\"en-US\",\"@id\":\"https:\\\/\\\/enervis.de\\\/en\\\/#\\\/schema\\\/logo\\\/image\\\/\",\"url\":\"https:\\\/\\\/enervis.de\\\/wp-content\\\/uploads\\\/2021\\\/12\\\/enervis_logo.png\",\"contentUrl\":\"https:\\\/\\\/enervis.de\\\/wp-content\\\/uploads\\\/2021\\\/12\\\/enervis_logo.png\",\"width\":289,\"height\":91,\"caption\":\"enervis\"},\"image\":{\"@id\":\"https:\\\/\\\/enervis.de\\\/en\\\/#\\\/schema\\\/logo\\\/image\\\/\"}}]}<\/script>\n<!-- \/ Yoast SEO plugin. -->","yoast_head_json":{"title":"Inhouse workshop: Economic evaluation of battery storage systems - enervis","description":"Batteriespeicher sind ein Schl\u00fcsselelement der Energiewende \u2013 doch ihre Wirtschaftlichkeit steht im Zentrum komplexer energiewirtschaftlicher Fragestellungen.W\u00e4hrend regulatorische Anforderungen, Netzinfrastruktur und volatile Marktdynamiken Investitionsentscheidungen pr\u00e4gen, entstehen parallel neue Gesch\u00e4ftsmodelle und zunehmend attraktive Erl\u00f6sm\u00e4rkte f\u00fcr Batteriespeicher.","robots":{"index":"index","follow":"follow","max-snippet":"max-snippet:-1","max-image-preview":"max-image-preview:large","max-video-preview":"max-video-preview:-1"},"canonical":"https:\/\/enervis.de\/en\/product\/inhouse-workshop-economic-evaluation-of-battery-storage-systems\/","og_locale":"en_US","og_type":"article","og_title":"Inhouse workshop: Economic evaluation of battery storage systems - enervis","og_description":"Batteriespeicher sind ein Schl\u00fcsselelement der Energiewende \u2013 doch ihre Wirtschaftlichkeit steht im Zentrum komplexer energiewirtschaftlicher Fragestellungen.W\u00e4hrend regulatorische Anforderungen, Netzinfrastruktur und volatile Marktdynamiken Investitionsentscheidungen pr\u00e4gen, entstehen parallel neue Gesch\u00e4ftsmodelle und zunehmend attraktive Erl\u00f6sm\u00e4rkte f\u00fcr Batteriespeicher.","og_url":"https:\/\/enervis.de\/en\/product\/inhouse-workshop-economic-evaluation-of-battery-storage-systems\/","og_site_name":"enervis","article_modified_time":"2025-07-15T08:19:12+00:00","og_image":[{"width":490,"height":300,"url":"https:\/\/enervis.de\/wp-content\/uploads\/2019\/09\/Bild_Inhouse-Workshop_490x300.png","type":"image\/png"}],"twitter_card":"summary_large_image","twitter_misc":{"Est. reading time":"1 minute"},"schema":{"@context":"https:\/\/schema.org","@graph":[{"@type":"WebPage","@id":"https:\/\/enervis.de\/en\/product\/inhouse-workshop-economic-evaluation-of-battery-storage-systems\/","url":"https:\/\/enervis.de\/en\/product\/inhouse-workshop-economic-evaluation-of-battery-storage-systems\/","name":"Inhouse workshop: Economic evaluation of battery storage systems - enervis","isPartOf":{"@id":"https:\/\/enervis.de\/en\/#website"},"primaryImageOfPage":{"@id":"https:\/\/enervis.de\/en\/product\/inhouse-workshop-economic-evaluation-of-battery-storage-systems\/#primaryimage"},"image":{"@id":"https:\/\/enervis.de\/en\/product\/inhouse-workshop-economic-evaluation-of-battery-storage-systems\/#primaryimage"},"thumbnailUrl":"https:\/\/enervis.de\/wp-content\/uploads\/2019\/09\/Bild_Inhouse-Workshop_490x300.png","datePublished":"2019-09-03T12:00:42+00:00","dateModified":"2025-07-15T08:19:12+00:00","description":"Batteriespeicher sind ein Schl\u00fcsselelement der Energiewende \u2013 doch ihre Wirtschaftlichkeit steht im Zentrum komplexer energiewirtschaftlicher Fragestellungen.W\u00e4hrend regulatorische Anforderungen, Netzinfrastruktur und volatile Marktdynamiken Investitionsentscheidungen pr\u00e4gen, entstehen parallel neue Gesch\u00e4ftsmodelle und zunehmend attraktive Erl\u00f6sm\u00e4rkte f\u00fcr Batteriespeicher.","breadcrumb":{"@id":"https:\/\/enervis.de\/en\/product\/inhouse-workshop-economic-evaluation-of-battery-storage-systems\/#breadcrumb"},"inLanguage":"en-US","potentialAction":[{"@type":"ReadAction","target":["https:\/\/enervis.de\/en\/product\/inhouse-workshop-economic-evaluation-of-battery-storage-systems\/"]}]},{"@type":"ImageObject","inLanguage":"en-US","@id":"https:\/\/enervis.de\/en\/product\/inhouse-workshop-economic-evaluation-of-battery-storage-systems\/#primaryimage","url":"https:\/\/enervis.de\/wp-content\/uploads\/2019\/09\/Bild_Inhouse-Workshop_490x300.png","contentUrl":"https:\/\/enervis.de\/wp-content\/uploads\/2019\/09\/Bild_Inhouse-Workshop_490x300.png","width":490,"height":300},{"@type":"BreadcrumbList","@id":"https:\/\/enervis.de\/en\/product\/inhouse-workshop-economic-evaluation-of-battery-storage-systems\/#breadcrumb","itemListElement":[{"@type":"ListItem","position":1,"name":"Startseite","item":"https:\/\/enervis.de\/en\/"},{"@type":"ListItem","position":2,"name":"Shop","item":"https:\/\/enervis.de\/shop\/"},{"@type":"ListItem","position":3,"name":"Inhouse workshop: Economic evaluation of battery storage systems"}]},{"@type":"WebSite","@id":"https:\/\/enervis.de\/en\/#website","url":"https:\/\/enervis.de\/en\/","name":"enervis","description":"enervis energy advisors GmbH","publisher":{"@id":"https:\/\/enervis.de\/en\/#organization"},"potentialAction":[{"@type":"SearchAction","target":{"@type":"EntryPoint","urlTemplate":"https:\/\/enervis.de\/en\/?s={search_term_string}"},"query-input":{"@type":"PropertyValueSpecification","valueRequired":true,"valueName":"search_term_string"}}],"inLanguage":"en-US"},{"@type":"Organization","@id":"https:\/\/enervis.de\/en\/#organization","name":"enervis","url":"https:\/\/enervis.de\/en\/","logo":{"@type":"ImageObject","inLanguage":"en-US","@id":"https:\/\/enervis.de\/en\/#\/schema\/logo\/image\/","url":"https:\/\/enervis.de\/wp-content\/uploads\/2021\/12\/enervis_logo.png","contentUrl":"https:\/\/enervis.de\/wp-content\/uploads\/2021\/12\/enervis_logo.png","width":289,"height":91,"caption":"enervis"},"image":{"@id":"https:\/\/enervis.de\/en\/#\/schema\/logo\/image\/"}}]}},"_links":{"self":[{"href":"https:\/\/enervis.de\/en\/wp-json\/wp\/v2\/product\/27587","targetHints":{"allow":["GET"]}}],"collection":[{"href":"https:\/\/enervis.de\/en\/wp-json\/wp\/v2\/product"}],"about":[{"href":"https:\/\/enervis.de\/en\/wp-json\/wp\/v2\/types\/product"}],"wp:featuredmedia":[{"embeddable":true,"href":"https:\/\/enervis.de\/en\/wp-json\/wp\/v2\/media\/27221"}],"wp:attachment":[{"href":"https:\/\/enervis.de\/en\/wp-json\/wp\/v2\/media?parent=27587"}],"wp:term":[{"taxonomy":"product_brand","embeddable":true,"href":"https:\/\/enervis.de\/en\/wp-json\/wp\/v2\/product_brand?post=27587"},{"taxonomy":"product_cat","embeddable":true,"href":"https:\/\/enervis.de\/en\/wp-json\/wp\/v2\/product_cat?post=27587"},{"taxonomy":"product_tag","embeddable":true,"href":"https:\/\/enervis.de\/en\/wp-json\/wp\/v2\/product_tag?post=27587"}],"curies":[{"name":"wp","href":"https:\/\/api.w.org\/{rel}","templated":true}]}}